{"id":10014,"date":"2024-10-02T22:06:00","date_gmt":"2024-10-02T19:06:00","guid":{"rendered":"https:\/\/aksersogutma.com\/urun\/3-8-selonoid-valf-olab\/"},"modified":"2024-11-14T15:39:21","modified_gmt":"2024-11-14T12:39:21","slug":"3-8-selonoid-valf-olab","status":"publish","type":"product","link":"https:\/\/aksersogutma.com\/en\/urun\/3-8-selonoid-valf-olab\/","title":{"rendered":"3\/8 Selonoid Valf Olab"},"content":{"rendered":"","protected":false},"excerpt":{"rendered":"","protected":false},"featured_media":10474,"comment_status":"open","ping_status":"closed","template":"","meta":[],"product_brand":[],"product_cat":[311],"product_tag":[],"class_list":{"0":"post-10014","1":"product","2":"type-product","3":"status-publish","4":"has-post-thumbnail","6":"product_cat-expansion-valve","8":"first","9":"instock","10":"taxable","11":"shipping-taxable","12":"purchasable","13":"product-type-simple"},"yoast_head":"<!-- This site is optimized with the Yoast SEO plugin v25.4 - https:\/\/yoast.com\/wordpress\/plugins\/seo\/ -->\n<title>3\/8 Selonoid Valf Olab - Akser \u0130&ccedil; ve D\u0131\u015f. Tic. Ltd. \u015eti<\/title>\n<meta name=\"description\" content=\"3\/8 Selonoid Valf Olab bilgi ve uygulama alanlar\u0131 i\u00e7in sitemizi ziyaret edin. En uygun fiyatlarla, stoktan teslimat!\" \/>\n<meta name=\"robots\" content=\"index, follow, max-snippet:-1, max-image-preview:large, max-video-preview:-1\" \/>\n<link rel=\"canonical\" href=\"https:\/\/aksersogutma.com\/en\/urun\/3-8-selonoid-valf-olab\/\" \/>\n<meta property=\"og:locale\" content=\"en_US\" \/>\n<meta property=\"og:type\" content=\"article\" \/>\n<meta property=\"og:title\" content=\"3\/8 Selonoid Valf Olab - Akser \u0130&ccedil; ve D\u0131\u015f. Tic. Ltd. \u015eti\" \/>\n<meta property=\"og:description\" content=\"3\/8 Selonoid Valf Olab bilgi ve uygulama alanlar\u0131 i\u00e7in sitemizi ziyaret edin. En uygun fiyatlarla, stoktan teslimat!\" \/>\n<meta property=\"og:url\" content=\"https:\/\/aksersogutma.com\/en\/urun\/3-8-selonoid-valf-olab\/\" \/>\n<meta property=\"og:site_name\" content=\"Akser \u0130&ccedil; ve D\u0131\u015f. Tic. Ltd. \u015eti\" \/>\n<meta property=\"article:publisher\" content=\"https:\/\/www.facebook.com\/aksersogutmaa\/\" \/>\n<meta property=\"article:modified_time\" content=\"2024-11-14T12:39:21+00:00\" \/>\n<meta property=\"og:image\" content=\"https:\/\/aksersogutma.com\/wp-content\/uploads\/selonoid-valf-olab.jpg\" \/>\n\t<meta property=\"og:image:width\" content=\"350\" \/>\n\t<meta property=\"og:image:height\" content=\"330\" \/>\n\t<meta property=\"og:image:type\" content=\"image\/jpeg\" \/>\n<meta name=\"twitter:card\" content=\"summary_large_image\" \/>\n<meta name=\"twitter:site\" content=\"@aksersogutma\" \/>\n<script type=\"application\/ld+json\" class=\"yoast-schema-graph\">{\"@context\":\"https:\/\/schema.org\",\"@graph\":[{\"@type\":\"WebPage\",\"@id\":\"https:\/\/aksersogutma.com\/en\/urun\/3-8-selonoid-valf-olab\/\",\"url\":\"https:\/\/aksersogutma.com\/en\/urun\/3-8-selonoid-valf-olab\/\",\"name\":\"3\/8 Selonoid Valf Olab - Akser \u0130&ccedil; ve D\u0131\u015f. Tic. Ltd. \u015eti\",\"isPartOf\":{\"@id\":\"https:\/\/aksersogutma.com\/en\/#website\"},\"primaryImageOfPage\":{\"@id\":\"https:\/\/aksersogutma.com\/en\/urun\/3-8-selonoid-valf-olab\/#primaryimage\"},\"image\":{\"@id\":\"https:\/\/aksersogutma.com\/en\/urun\/3-8-selonoid-valf-olab\/#primaryimage\"},\"thumbnailUrl\":\"https:\/\/aksersogutma.com\/wp-content\/uploads\/selonoid-valf-olab.jpg\",\"datePublished\":\"2024-10-02T19:06:00+00:00\",\"dateModified\":\"2024-11-14T12:39:21+00:00\",\"description\":\"3\/8 Selonoid Valf Olab bilgi ve uygulama alanlar\u0131 i\u00e7in sitemizi ziyaret edin. En uygun fiyatlarla, stoktan teslimat!\",\"breadcrumb\":{\"@id\":\"https:\/\/aksersogutma.com\/en\/urun\/3-8-selonoid-valf-olab\/#breadcrumb\"},\"inLanguage\":\"en-US\",\"potentialAction\":[{\"@type\":\"ReadAction\",\"target\":[\"https:\/\/aksersogutma.com\/en\/urun\/3-8-selonoid-valf-olab\/\"]}]},{\"@type\":\"ImageObject\",\"inLanguage\":\"en-US\",\"@id\":\"https:\/\/aksersogutma.com\/en\/urun\/3-8-selonoid-valf-olab\/#primaryimage\",\"url\":\"https:\/\/aksersogutma.com\/wp-content\/uploads\/selonoid-valf-olab.jpg\",\"contentUrl\":\"https:\/\/aksersogutma.com\/wp-content\/uploads\/selonoid-valf-olab.jpg\",\"width\":350,\"height\":330},{\"@type\":\"BreadcrumbList\",\"@id\":\"https:\/\/aksersogutma.com\/en\/urun\/3-8-selonoid-valf-olab\/#breadcrumb\",\"itemListElement\":[{\"@type\":\"ListItem\",\"position\":1,\"name\":\"Anasayfa\",\"item\":\"https:\/\/aksersogutma.com\/en\/home\/\"},{\"@type\":\"ListItem\",\"position\":2,\"name\":\"Ma\u011faza\",\"item\":\"https:\/\/aksersogutma.com\/shop\/\"},{\"@type\":\"ListItem\",\"position\":3,\"name\":\"3\/8 Selonoid Valf Olab\"}]},{\"@type\":\"WebSite\",\"@id\":\"https:\/\/aksersogutma.com\/en\/#website\",\"url\":\"https:\/\/aksersogutma.com\/en\/\",\"name\":\"Akser \u0130\u00e7 ve D\u0131\u015f. Tic. Ltd. \u015eti\",\"description\":\"Akser \u0130&ccedil; ve D\u0131\u015f. Tic. Ltd. \u015eti\",\"publisher\":{\"@id\":\"https:\/\/aksersogutma.com\/en\/#organization\"},\"potentialAction\":[{\"@type\":\"SearchAction\",\"target\":{\"@type\":\"EntryPoint\",\"urlTemplate\":\"https:\/\/aksersogutma.com\/en\/?s={search_term_string}\"},\"query-input\":{\"@type\":\"PropertyValueSpecification\",\"valueRequired\":true,\"valueName\":\"search_term_string\"}}],\"inLanguage\":\"en-US\"},{\"@type\":\"Organization\",\"@id\":\"https:\/\/aksersogutma.com\/en\/#organization\",\"name\":\"Akser \u0130\u00e7 ve D\u0131\u015f. Tic. Ltd. \u015eti\",\"url\":\"https:\/\/aksersogutma.com\/en\/\",\"logo\":{\"@type\":\"ImageObject\",\"inLanguage\":\"en-US\",\"@id\":\"https:\/\/aksersogutma.com\/en\/#\/schema\/logo\/image\/\",\"url\":\"https:\/\/aksersogutma.com\/wp-content\/uploads\/akser-logo.png\",\"contentUrl\":\"https:\/\/aksersogutma.com\/wp-content\/uploads\/akser-logo.png\",\"width\":711,\"height\":155,\"caption\":\"Akser \u0130\u00e7 ve D\u0131\u015f. Tic. Ltd. \u015eti\"},\"image\":{\"@id\":\"https:\/\/aksersogutma.com\/en\/#\/schema\/logo\/image\/\"},\"sameAs\":[\"https:\/\/www.facebook.com\/aksersogutmaa\/\",\"https:\/\/x.com\/aksersogutma\",\"https:\/\/www.instagram.com\/akser.sogutma\/\",\"https:\/\/www.youtube.com\/@AkserSogutma\"]}]}<\/script>\n<!-- \/ Yoast SEO plugin. -->","yoast_head_json":{"title":"3\/8 Selonoid Valf Olab - Akser \u0130&ccedil; ve D\u0131\u015f. Tic. Ltd. \u015eti","description":"3\/8 Selonoid Valf Olab bilgi ve uygulama alanlar\u0131 i\u00e7in sitemizi ziyaret edin. En uygun fiyatlarla, stoktan teslimat!","robots":{"index":"index","follow":"follow","max-snippet":"max-snippet:-1","max-image-preview":"max-image-preview:large","max-video-preview":"max-video-preview:-1"},"canonical":"https:\/\/aksersogutma.com\/en\/urun\/3-8-selonoid-valf-olab\/","og_locale":"en_US","og_type":"article","og_title":"3\/8 Selonoid Valf Olab - Akser \u0130&ccedil; ve D\u0131\u015f. Tic. Ltd. \u015eti","og_description":"3\/8 Selonoid Valf Olab bilgi ve uygulama alanlar\u0131 i\u00e7in sitemizi ziyaret edin. En uygun fiyatlarla, stoktan teslimat!","og_url":"https:\/\/aksersogutma.com\/en\/urun\/3-8-selonoid-valf-olab\/","og_site_name":"Akser \u0130&ccedil; ve D\u0131\u015f. Tic. Ltd. \u015eti","article_publisher":"https:\/\/www.facebook.com\/aksersogutmaa\/","article_modified_time":"2024-11-14T12:39:21+00:00","og_image":[{"width":350,"height":330,"url":"https:\/\/aksersogutma.com\/wp-content\/uploads\/selonoid-valf-olab.jpg","type":"image\/jpeg"}],"twitter_card":"summary_large_image","twitter_site":"@aksersogutma","schema":{"@context":"https:\/\/schema.org","@graph":[{"@type":"WebPage","@id":"https:\/\/aksersogutma.com\/en\/urun\/3-8-selonoid-valf-olab\/","url":"https:\/\/aksersogutma.com\/en\/urun\/3-8-selonoid-valf-olab\/","name":"3\/8 Selonoid Valf Olab - Akser \u0130&ccedil; ve D\u0131\u015f. Tic. Ltd. \u015eti","isPartOf":{"@id":"https:\/\/aksersogutma.com\/en\/#website"},"primaryImageOfPage":{"@id":"https:\/\/aksersogutma.com\/en\/urun\/3-8-selonoid-valf-olab\/#primaryimage"},"image":{"@id":"https:\/\/aksersogutma.com\/en\/urun\/3-8-selonoid-valf-olab\/#primaryimage"},"thumbnailUrl":"https:\/\/aksersogutma.com\/wp-content\/uploads\/selonoid-valf-olab.jpg","datePublished":"2024-10-02T19:06:00+00:00","dateModified":"2024-11-14T12:39:21+00:00","description":"3\/8 Selonoid Valf Olab bilgi ve uygulama alanlar\u0131 i\u00e7in sitemizi ziyaret edin. En uygun fiyatlarla, stoktan teslimat!","breadcrumb":{"@id":"https:\/\/aksersogutma.com\/en\/urun\/3-8-selonoid-valf-olab\/#breadcrumb"},"inLanguage":"en-US","potentialAction":[{"@type":"ReadAction","target":["https:\/\/aksersogutma.com\/en\/urun\/3-8-selonoid-valf-olab\/"]}]},{"@type":"ImageObject","inLanguage":"en-US","@id":"https:\/\/aksersogutma.com\/en\/urun\/3-8-selonoid-valf-olab\/#primaryimage","url":"https:\/\/aksersogutma.com\/wp-content\/uploads\/selonoid-valf-olab.jpg","contentUrl":"https:\/\/aksersogutma.com\/wp-content\/uploads\/selonoid-valf-olab.jpg","width":350,"height":330},{"@type":"BreadcrumbList","@id":"https:\/\/aksersogutma.com\/en\/urun\/3-8-selonoid-valf-olab\/#breadcrumb","itemListElement":[{"@type":"ListItem","position":1,"name":"Anasayfa","item":"https:\/\/aksersogutma.com\/en\/home\/"},{"@type":"ListItem","position":2,"name":"Ma\u011faza","item":"https:\/\/aksersogutma.com\/shop\/"},{"@type":"ListItem","position":3,"name":"3\/8 Selonoid Valf Olab"}]},{"@type":"WebSite","@id":"https:\/\/aksersogutma.com\/en\/#website","url":"https:\/\/aksersogutma.com\/en\/","name":"Akser \u0130\u00e7 ve D\u0131\u015f. Tic. Ltd. \u015eti","description":"Akser \u0130&ccedil; ve D\u0131\u015f. Tic. Ltd. \u015eti","publisher":{"@id":"https:\/\/aksersogutma.com\/en\/#organization"},"potentialAction":[{"@type":"SearchAction","target":{"@type":"EntryPoint","urlTemplate":"https:\/\/aksersogutma.com\/en\/?s={search_term_string}"},"query-input":{"@type":"PropertyValueSpecification","valueRequired":true,"valueName":"search_term_string"}}],"inLanguage":"en-US"},{"@type":"Organization","@id":"https:\/\/aksersogutma.com\/en\/#organization","name":"Akser \u0130\u00e7 ve D\u0131\u015f. Tic. Ltd. \u015eti","url":"https:\/\/aksersogutma.com\/en\/","logo":{"@type":"ImageObject","inLanguage":"en-US","@id":"https:\/\/aksersogutma.com\/en\/#\/schema\/logo\/image\/","url":"https:\/\/aksersogutma.com\/wp-content\/uploads\/akser-logo.png","contentUrl":"https:\/\/aksersogutma.com\/wp-content\/uploads\/akser-logo.png","width":711,"height":155,"caption":"Akser \u0130\u00e7 ve D\u0131\u015f. Tic. Ltd. \u015eti"},"image":{"@id":"https:\/\/aksersogutma.com\/en\/#\/schema\/logo\/image\/"},"sameAs":["https:\/\/www.facebook.com\/aksersogutmaa\/","https:\/\/x.com\/aksersogutma","https:\/\/www.instagram.com\/akser.sogutma\/","https:\/\/www.youtube.com\/@AkserSogutma"]}]}},"_links":{"self":[{"href":"https:\/\/aksersogutma.com\/en\/wp-json\/wp\/v2\/product\/10014"}],"collection":[{"href":"https:\/\/aksersogutma.com\/en\/wp-json\/wp\/v2\/product"}],"about":[{"href":"https:\/\/aksersogutma.com\/en\/wp-json\/wp\/v2\/types\/product"}],"replies":[{"embeddable":true,"href":"https:\/\/aksersogutma.com\/en\/wp-json\/wp\/v2\/comments?post=10014"}],"wp:featuredmedia":[{"embeddable":true,"href":"https:\/\/aksersogutma.com\/en\/wp-json\/wp\/v2\/media\/10474"}],"wp:attachment":[{"href":"https:\/\/aksersogutma.com\/en\/wp-json\/wp\/v2\/media?parent=10014"}],"wp:term":[{"taxonomy":"product_brand","embeddable":true,"href":"https:\/\/aksersogutma.com\/en\/wp-json\/wp\/v2\/product_brand?post=10014"},{"taxonomy":"product_cat","embeddable":true,"href":"https:\/\/aksersogutma.com\/en\/wp-json\/wp\/v2\/product_cat?post=10014"},{"taxonomy":"product_tag","embeddable":true,"href":"https:\/\/aksersogutma.com\/en\/wp-json\/wp\/v2\/product_tag?post=10014"}],"curies":[{"name":"wp","href":"https:\/\/api.w.org\/{rel}","templated":true}]}}